{"id":1608,"date":"2025-05-13T22:25:41","date_gmt":"2025-05-13T22:25:41","guid":{"rendered":"https:\/\/grupoagis.com.br\/?page_id=1608"},"modified":"2025-06-16T19:55:44","modified_gmt":"2025-06-16T19:55:44","slug":"obras","status":"publish","type":"page","link":"https:\/\/grupoagis.com.br\/en\/obras\/","title":{"rendered":"Works"},"content":{"rendered":"<h2 class=\"wp-block-heading\">Works<\/h2>\n\n\n\n<p>A Agis \u00e9 uma empresa de constru\u00e7\u00e3o e minera\u00e7\u00e3o com 90 anos de experi\u00eancia em obras de infraestruturas que impulsionam o desenvolvimento do Brasil. Atuamos em diferentes regi\u00f5es do pa\u00eds, executando projetos que v\u00e3o desde a mobilidade urbana at\u00e9 a gera\u00e7\u00e3o de energia limpa e o acesso ao saneamento b\u00e1sico.<\/p>\n\n\n\n<p>Nosso compromisso \u00e9 entregar solu\u00e7\u00f5es t\u00e9cnicas de alto desempenho, sempre com foco em inova\u00e7\u00e3o, sustentabilidade, efici\u00eancia operacional e responsabilidade social. Com equipes multidisciplinares e equipamentos modernos, garantimos obras seguras, duradouras e que fazem a diferen\u00e7a na vida das pessoas.<\/p>\n\n\n\n<p>Contamos com uma gest\u00e3o orientada a resultados e rigor t\u00e9cnico em todas as etapas dos projetos \u2014 do planejamento \u00e0 execu\u00e7\u00e3o. Acreditamos que a engenharia transforma, conecta e melhora o mundo \u00e0 nossa volta.<\/p>\n\n\n\n<p>Cada uma dessas frentes representa o compromisso da Agis com a engenharia de qualidade e o desenvolvimento sustent\u00e1vel. Executamos obras que geram impacto positivo, promovem inclus\u00e3o e impulsionam a infraestrutura brasileira.<\/p>\n\n\n\n<p>A Agis investe constantemente em tecnologia, capacita\u00e7\u00e3o e pr\u00e1ticas ambientais respons\u00e1veis para garantir excel\u00eancia t\u00e9cnica em todos os seus projetos.<\/p>\n\n\n\n<p>Al\u00e9m da atua\u00e7\u00e3o t\u00e9cnica, temos o prop\u00f3sito de transformar realidades e contribuir para uma sociedade mais justa e conectada. Nosso trabalho se reflete n\u00e3o apenas em obras vis\u00edveis, mas tamb\u00e9m em benef\u00edcios sociais, ambientais e econ\u00f4micos de longo prazo.<\/p>\n\n\n\n<p>Para saber mais sobre infraestrutura e o papel das obras civis no crescimento econ\u00f4mico, acesse o site oficial do <a href=\"https:\/\/www.gov.br\/infraestrutura\">Minist\u00e9rio da Infraestrutura<\/a>.<\/p>\n\n\n\n<p>Explore as categorias e veja como a Agis transforma desafios em solu\u00e7\u00f5es duradouras, contribuindo para o desenvolvimento de diferentes regi\u00f5es do pa\u00eds.<\/p>\n\n\n\n<ul class=\"wp-block-list\">\n<li><a href=\"https:\/\/grupoagis.com.br\/en\/obras\/rodoviarias\/\" target=\"_blank\" rel=\"noreferrer noopener\">Bus Station<\/a><\/li>\n\n\n\n<li><a href=\"http:\/\/grupoagis.com.br\/en\/obras\/metroferroviarias\/\" target=\"_blank\" rel=\"noreferrer noopener\">Metroferrovi\u00e1rios<\/a><\/li>\n\n\n\n<li><a href=\"http:\/\/grupoagis.com.br\/en\/obras\/hidricas\/\" target=\"_blank\" rel=\"noreferrer noopener\">Infraestruturas H\u00eddricas<\/a><\/li>\n\n\n\n<li><a href=\"http:\/\/grupoagis.com.br\/en\/obras\/saneamentos\/\" target=\"_blank\" rel=\"noreferrer noopener\">Sanitation Systems<\/a><\/li>\n\n\n\n<li><a href=\"http:\/\/grupoagis.com.br\/en\/obras\/mobilidade-urbana\/\" target=\"_blank\" rel=\"noreferrer noopener\">Urban Mobility<\/a><\/li>\n\n\n\n<li><a href=\"http:\/\/grupoagis.com.br\/en\/obras\/transmissao-e-subestacao\/\" target=\"_blank\" rel=\"noreferrer noopener\">Linhas de Transmiss\u00e3o e Subesta\u00e7\u00e3o<\/a><\/li>\n\n\n\n<li><a href=\"http:\/\/grupoagis.com.br\/en\/obras\/terraplanagem-e-mineracao\/\" target=\"_blank\" rel=\"noreferrer noopener\">Earthmoving and Mining<\/a><\/li>\n\n\n\n<li><a href=\"http:\/\/grupoagis.com.br\/en\/obras\/usinas-fotovoltaicas\/\" target=\"_blank\" rel=\"noreferrer noopener\">Usina Fotovoltaica<\/a><\/li>\n<\/ul>\n\n\n\n<figure class=\"wp-block-image size-large\"><img decoding=\"async\" src=\"http:\/\/grupoagis.com.br\/wp-content\/uploads\/2025\/06\/Ramal-do-Agreste-22-scaled.jpg\" alt=\"obras\"\/><\/figure>\n\n\n\n<p><\/p>","protected":false},"excerpt":{"rendered":"<p>Obras A Agis \u00e9 uma empresa de constru\u00e7\u00e3o e minera\u00e7\u00e3o com 90 anos de experi\u00eancia em obras de infraestruturas que [&hellip;]<\/p>\n","protected":false},"author":6,"featured_media":0,"parent":0,"menu_order":0,"comment_status":"closed","ping_status":"closed","template":"Obras.php","meta":{"_acf_changed":false,"inline_featured_image":false,"footnotes":""},"class_list":["post-1608","page","type-page","status-publish","hentry"],"acf":[],"yoast_head":"<!-- This site is optimized with the Yoast SEO plugin v27.3 - https:\/\/yoast.com\/product\/yoast-seo-wordpress\/ -->\n<title>Obras - AGIS<\/title>\n<meta name=\"description\" content=\"Conhe\u00e7a as principais obras da Agis nas \u00e1reas de rodovi\u00e1rias, metroferrovi\u00e1rias, saneamento e muito mais. Infraestrutura com excel\u00eancia.\" \/>\n<meta name=\"robots\" content=\"index, follow, max-snippet:-1, max-image-preview:large, max-video-preview:-1\" \/>\n<link rel=\"canonical\" href=\"https:\/\/grupoagis.com.br\/en\/obras\/\" \/>\n<meta property=\"og:locale\" content=\"en_US\" \/>\n<meta property=\"og:type\" content=\"article\" \/>\n<meta property=\"og:title\" content=\"Obras - AGIS\" \/>\n<meta property=\"og:description\" content=\"Conhe\u00e7a as principais obras da Agis nas \u00e1reas de rodovi\u00e1rias, metroferrovi\u00e1rias, saneamento e muito mais. Infraestrutura com excel\u00eancia.\" \/>\n<meta property=\"og:url\" content=\"https:\/\/grupoagis.com.br\/en\/obras\/\" \/>\n<meta property=\"og:site_name\" content=\"AGIS\" \/>\n<meta property=\"article:modified_time\" content=\"2025-06-16T19:55:44+00:00\" \/>\n<meta property=\"og:image\" content=\"http:\/\/grupoagis.com.br\/wp-content\/uploads\/2025\/06\/Ramal-do-Agreste-22-scaled.jpg\" \/>\n<meta name=\"twitter:card\" content=\"summary_large_image\" \/>\n<meta name=\"twitter:label1\" content=\"Est. reading time\" \/>\n\t<meta name=\"twitter:data1\" content=\"2 minutes\" \/>\n<script type=\"application\/ld+json\" class=\"yoast-schema-graph\">{\"@context\":\"https:\\\/\\\/schema.org\",\"@graph\":[{\"@type\":\"WebPage\",\"@id\":\"https:\\\/\\\/grupoagis.com.br\\\/obras\\\/\",\"url\":\"https:\\\/\\\/grupoagis.com.br\\\/obras\\\/\",\"name\":\"Obras - AGIS\",\"isPartOf\":{\"@id\":\"http:\\\/\\\/grupoagis.com.br\\\/#website\"},\"primaryImageOfPage\":{\"@id\":\"https:\\\/\\\/grupoagis.com.br\\\/obras\\\/#primaryimage\"},\"image\":{\"@id\":\"https:\\\/\\\/grupoagis.com.br\\\/obras\\\/#primaryimage\"},\"thumbnailUrl\":\"http:\\\/\\\/grupoagis.com.br\\\/wp-content\\\/uploads\\\/2025\\\/06\\\/Ramal-do-Agreste-22-scaled.jpg\",\"datePublished\":\"2025-05-13T22:25:41+00:00\",\"dateModified\":\"2025-06-16T19:55:44+00:00\",\"description\":\"Conhe\u00e7a as principais obras da Agis nas \u00e1reas de rodovi\u00e1rias, metroferrovi\u00e1rias, saneamento e muito mais. Infraestrutura com excel\u00eancia.\",\"breadcrumb\":{\"@id\":\"https:\\\/\\\/grupoagis.com.br\\\/obras\\\/#breadcrumb\"},\"inLanguage\":\"en-US\",\"potentialAction\":[{\"@type\":\"ReadAction\",\"target\":[\"https:\\\/\\\/grupoagis.com.br\\\/obras\\\/\"]}]},{\"@type\":\"ImageObject\",\"inLanguage\":\"en-US\",\"@id\":\"https:\\\/\\\/grupoagis.com.br\\\/obras\\\/#primaryimage\",\"url\":\"http:\\\/\\\/grupoagis.com.br\\\/wp-content\\\/uploads\\\/2025\\\/06\\\/Ramal-do-Agreste-22-scaled.jpg\",\"contentUrl\":\"http:\\\/\\\/grupoagis.com.br\\\/wp-content\\\/uploads\\\/2025\\\/06\\\/Ramal-do-Agreste-22-scaled.jpg\"},{\"@type\":\"BreadcrumbList\",\"@id\":\"https:\\\/\\\/grupoagis.com.br\\\/obras\\\/#breadcrumb\",\"itemListElement\":[{\"@type\":\"ListItem\",\"position\":1,\"name\":\"Home\",\"item\":\"https:\\\/\\\/grupoagis.com.br\\\/\"},{\"@type\":\"ListItem\",\"position\":2,\"name\":\"Obras\"}]},{\"@type\":\"WebSite\",\"@id\":\"http:\\\/\\\/grupoagis.com.br\\\/#website\",\"url\":\"http:\\\/\\\/grupoagis.com.br\\\/\",\"name\":\"AGIS\",\"description\":\"\",\"publisher\":{\"@id\":\"http:\\\/\\\/grupoagis.com.br\\\/#organization\"},\"potentialAction\":[{\"@type\":\"SearchAction\",\"target\":{\"@type\":\"EntryPoint\",\"urlTemplate\":\"http:\\\/\\\/grupoagis.com.br\\\/?s={search_term_string}\"},\"query-input\":{\"@type\":\"PropertyValueSpecification\",\"valueRequired\":true,\"valueName\":\"search_term_string\"}}],\"inLanguage\":\"en-US\"},{\"@type\":\"Organization\",\"@id\":\"http:\\\/\\\/grupoagis.com.br\\\/#organization\",\"name\":\"AGIS\",\"url\":\"http:\\\/\\\/grupoagis.com.br\\\/\",\"logo\":{\"@type\":\"ImageObject\",\"inLanguage\":\"en-US\",\"@id\":\"http:\\\/\\\/grupoagis.com.br\\\/#\\\/schema\\\/logo\\\/image\\\/\",\"url\":\"https:\\\/\\\/grupoagis.com.br\\\/wp-content\\\/uploads\\\/2022\\\/10\\\/cropped-logo-1.png\",\"contentUrl\":\"https:\\\/\\\/grupoagis.com.br\\\/wp-content\\\/uploads\\\/2022\\\/10\\\/cropped-logo-1.png\",\"width\":112,\"height\":36,\"caption\":\"AGIS\"},\"image\":{\"@id\":\"http:\\\/\\\/grupoagis.com.br\\\/#\\\/schema\\\/logo\\\/image\\\/\"}}]}<\/script>\n<!-- \/ Yoast SEO plugin. -->","yoast_head_json":{"title":"Obras - AGIS","description":"Conhe\u00e7a as principais obras da Agis nas \u00e1reas de rodovi\u00e1rias, metroferrovi\u00e1rias, saneamento e muito mais. Infraestrutura com excel\u00eancia.","robots":{"index":"index","follow":"follow","max-snippet":"max-snippet:-1","max-image-preview":"max-image-preview:large","max-video-preview":"max-video-preview:-1"},"canonical":"https:\/\/grupoagis.com.br\/en\/obras\/","og_locale":"en_US","og_type":"article","og_title":"Obras - AGIS","og_description":"Conhe\u00e7a as principais obras da Agis nas \u00e1reas de rodovi\u00e1rias, metroferrovi\u00e1rias, saneamento e muito mais. Infraestrutura com excel\u00eancia.","og_url":"https:\/\/grupoagis.com.br\/en\/obras\/","og_site_name":"AGIS","article_modified_time":"2025-06-16T19:55:44+00:00","og_image":[{"url":"http:\/\/grupoagis.com.br\/wp-content\/uploads\/2025\/06\/Ramal-do-Agreste-22-scaled.jpg","type":"","width":"","height":""}],"twitter_card":"summary_large_image","twitter_misc":{"Est. reading time":"2 minutes"},"schema":{"@context":"https:\/\/schema.org","@graph":[{"@type":"WebPage","@id":"https:\/\/grupoagis.com.br\/obras\/","url":"https:\/\/grupoagis.com.br\/obras\/","name":"Obras - AGIS","isPartOf":{"@id":"http:\/\/grupoagis.com.br\/#website"},"primaryImageOfPage":{"@id":"https:\/\/grupoagis.com.br\/obras\/#primaryimage"},"image":{"@id":"https:\/\/grupoagis.com.br\/obras\/#primaryimage"},"thumbnailUrl":"http:\/\/grupoagis.com.br\/wp-content\/uploads\/2025\/06\/Ramal-do-Agreste-22-scaled.jpg","datePublished":"2025-05-13T22:25:41+00:00","dateModified":"2025-06-16T19:55:44+00:00","description":"Conhe\u00e7a as principais obras da Agis nas \u00e1reas de rodovi\u00e1rias, metroferrovi\u00e1rias, saneamento e muito mais. Infraestrutura com excel\u00eancia.","breadcrumb":{"@id":"https:\/\/grupoagis.com.br\/obras\/#breadcrumb"},"inLanguage":"en-US","potentialAction":[{"@type":"ReadAction","target":["https:\/\/grupoagis.com.br\/obras\/"]}]},{"@type":"ImageObject","inLanguage":"en-US","@id":"https:\/\/grupoagis.com.br\/obras\/#primaryimage","url":"http:\/\/grupoagis.com.br\/wp-content\/uploads\/2025\/06\/Ramal-do-Agreste-22-scaled.jpg","contentUrl":"http:\/\/grupoagis.com.br\/wp-content\/uploads\/2025\/06\/Ramal-do-Agreste-22-scaled.jpg"},{"@type":"BreadcrumbList","@id":"https:\/\/grupoagis.com.br\/obras\/#breadcrumb","itemListElement":[{"@type":"ListItem","position":1,"name":"Home","item":"https:\/\/grupoagis.com.br\/"},{"@type":"ListItem","position":2,"name":"Obras"}]},{"@type":"WebSite","@id":"http:\/\/grupoagis.com.br\/#website","url":"http:\/\/grupoagis.com.br\/","name":"AGIS","description":"","publisher":{"@id":"http:\/\/grupoagis.com.br\/#organization"},"potentialAction":[{"@type":"SearchAction","target":{"@type":"EntryPoint","urlTemplate":"http:\/\/grupoagis.com.br\/?s={search_term_string}"},"query-input":{"@type":"PropertyValueSpecification","valueRequired":true,"valueName":"search_term_string"}}],"inLanguage":"en-US"},{"@type":"Organization","@id":"http:\/\/grupoagis.com.br\/#organization","name":"AGIS","url":"http:\/\/grupoagis.com.br\/","logo":{"@type":"ImageObject","inLanguage":"en-US","@id":"http:\/\/grupoagis.com.br\/#\/schema\/logo\/image\/","url":"https:\/\/grupoagis.com.br\/wp-content\/uploads\/2022\/10\/cropped-logo-1.png","contentUrl":"https:\/\/grupoagis.com.br\/wp-content\/uploads\/2022\/10\/cropped-logo-1.png","width":112,"height":36,"caption":"AGIS"},"image":{"@id":"http:\/\/grupoagis.com.br\/#\/schema\/logo\/image\/"}}]}},"_links":{"self":[{"href":"https:\/\/grupoagis.com.br\/en\/wp-json\/wp\/v2\/pages\/1608","targetHints":{"allow":["GET"]}}],"collection":[{"href":"https:\/\/grupoagis.com.br\/en\/wp-json\/wp\/v2\/pages"}],"about":[{"href":"https:\/\/grupoagis.com.br\/en\/wp-json\/wp\/v2\/types\/page"}],"author":[{"embeddable":true,"href":"https:\/\/grupoagis.com.br\/en\/wp-json\/wp\/v2\/users\/6"}],"replies":[{"embeddable":true,"href":"https:\/\/grupoagis.com.br\/en\/wp-json\/wp\/v2\/comments?post=1608"}],"version-history":[{"count":19,"href":"https:\/\/grupoagis.com.br\/en\/wp-json\/wp\/v2\/pages\/1608\/revisions"}],"predecessor-version":[{"id":2526,"href":"https:\/\/grupoagis.com.br\/en\/wp-json\/wp\/v2\/pages\/1608\/revisions\/2526"}],"wp:attachment":[{"href":"https:\/\/grupoagis.com.br\/en\/wp-json\/wp\/v2\/media?parent=1608"}],"curies":[{"name":"wp","href":"https:\/\/api.w.org\/{rel}","templated":true}]}}