{"id":1455,"date":"2025-05-13T21:14:25","date_gmt":"2025-05-13T21:14:25","guid":{"rendered":"https:\/\/grupoagis.com.br\/?page_id=1455"},"modified":"2025-06-16T19:24:28","modified_gmt":"2025-06-16T19:24:28","slug":"compliance","status":"publish","type":"page","link":"https:\/\/grupoagis.com.br\/en\/compliance\/","title":{"rendered":"Compliance"},"content":{"rendered":"<h2 class=\"wp-block-heading\">Compliance<\/h2>\n\n\n\n<figure class=\"wp-block-image size-large\"><img decoding=\"async\" src=\"http:\/\/grupoagis.com.br\/wp-content\/uploads\/2025\/06\/colaborador-video-institucional-colaboradores.jpg\" alt=\"compliance\"\/><\/figure>\n\n\n\n<p>Em nossa atua\u00e7\u00e3o, buscamos ser ambientalmente sustent\u00e1veis e socialmente respons\u00e1veis, al\u00e9m de \u00edntegros na administra\u00e7\u00e3o dos neg\u00f3cios, sempre pautados pelos princ\u00edpios de Compliance.<\/p>\n\n\n\n<p><strong><strong>Programa de Integridade<\/strong><\/strong><\/p>\n\n\n\n<p>The Agis Group's Integrity Program aims to ensure that business practices are conducted in accordance with the highest standards of ethics and transparency across all operations. To achieve this, the program establishes a set of procedures and controls designed to prevent, detect, and respond to risks related to misconduct or violations of applicable laws, the Code of Ethics and Conduct, company policies, and internal procedures.<\/p>\n\n\n\n<p>\u200bNosso Programa \u00e9 estruturado em 10 pilares, que s\u00e3o a base para viabilizar a execu\u00e7\u00e3o das a\u00e7\u00f5es na AGIS:<\/p>\n\n\n\n<ul class=\"wp-block-list\">\n<li>Senior Management Support<\/li>\n\n\n\n<li>Risk Assessment<\/li>\n\n\n\n<li>Code of Ethics and Conduct and Compliance Policies<\/li>\n\n\n\n<li>Internal Controls and Procedures<\/li>\n\n\n\n<li>Training and Communication<\/li>\n\n\n\n<li>Whistleblower Channel<\/li>\n\n\n\n<li>Investiga\u00e7\u00f5es internas<\/li>\n\n\n\n<li>Due Diligence<\/li>\n\n\n\n<li>Monitoring<\/li>\n\n\n\n<li>Diversity and Inclusion<\/li>\n<\/ul>\n\n\n\n<p>Complying with ethical conduct standards is a responsibility shared by all of us. Adopting these pillars strengthens our culture of compliance, positively contributing to business success and to building a fairer society.<\/p>\n\n\n\n<p><strong>Ethics and Conduct Committee<\/strong><\/p>\n\n\n\n<p>O Comit\u00ea \u00e9 um \u00f3rg\u00e3o interno, estrat\u00e9gico, institu\u00eddo pela Agis para apurar os assuntos sens\u00edveis que ferem o C\u00f3digo de \u00c9tica e Conduta, as pol\u00edticas, procedimentos e a legisla\u00e7\u00e3o. \u200b\u00c9 composto pela alta administra\u00e7\u00e3o da empresa, com o objetivo de deliberar sobre os assuntos sens\u00edveis identificados pela \u00e1rea de Compliance, independentemente do n\u00edvel hier\u00e1rquico.<\/p>\n\n\n\n<p><strong>Compliance<\/strong><\/p>\n\n\n\n<p>\u00c9 a \u00e1rea respons\u00e1vel pelo Programa de Integridade da Agis.\u200b Tem por objetivo disseminar a cultura de compliance e garantir que a organiza\u00e7\u00e3o esteja em conformidade com o cumprimento das leis, do C\u00f3digo de \u00c9tica e Conduta, pol\u00edticas e procedimentos internos.\u200b A \u00e1rea est\u00e1 vinculada \u00e0 Diretoria de Compliance.<\/p>\n\n\n\n<p><strong>Whistleblower Channel<\/strong><\/p>\n\n\n\n<p>The Open Channel is Agis\u2019s official communication platform for receiving complaints, reports, questions, suggestions, or compliments. It is accessible to any interested party, and anonymity is guaranteed.\n\nIf you identify or suspect any misconduct, please contact the Open Channel. An independent specialist will receive all information and forward the report to the Compliance department. You will be able to track the progress of your case using a protocol number.<\/p>\n\n\n\n<p>Suggestion Boxes: available at all project sites.<\/p>\n\n\n\n<ul class=\"wp-block-list\">\n<li><a href=\"http:\/\/0800 601 6881\">0800 601 6881<\/a><\/li>\n\n\n\n<li><a href=\"https:\/\/www.contatoseguro.com.br\/grupoagis\">Website<\/a><\/li>\n<\/ul>\n\n\n\n<p><strong>Code of Ethic and Conduct<\/strong><\/p>\n\n\n\n<p>O C\u00f3digo de \u00c9tica e Conduta \u00e9 um importante documento que tem o objetivo de nos guiar nas tarefas do dia a dia, determinando como devemos agir perante todos os p\u00fablicos com os quais mantemos relacionamento, sejam fornecedores, entes p\u00fablicos, parceiros, clientes e at\u00e9 mesmo entre n\u00f3s, colaboradores.\u200b O C\u00f3digo abrange as regras gerais de conduta relativas \u00e0s situa\u00e7\u00f5es mais frequentes enfrentadas no dia a dia.\u200b A concord\u00e2ncia com as regras e os princ\u00edpios estabelecidos no C\u00f3digo \u00e9 requisito obrigat\u00f3rio para o desempenho de qualquer atividade junto \u00e0s empresas Agis.\u200b<\/p>\n\n\n\n<p><strong>Policies<\/strong><\/p>\n\n\n\n<p>Just like the Code of Ethics and Conduct, the Compliance Policies support our Integrity Program. Adhering to all of them is essential to strengthen ethics, governance, and efficiency, as well as to safeguard the reputation and sustainability of the Agis Group. These policies are designed to prevent, detect, and address any misconduct or illegal activity.<\/p>\n\n\n\n<p>All policies are approved by the Ethics and Conduct Committee and are therefore aligned with the strategic objectives of the Agis Group.<\/p>","protected":false},"excerpt":{"rendered":"<p>Compliance Em nossa atua\u00e7\u00e3o, buscamos ser ambientalmente sustent\u00e1veis e socialmente respons\u00e1veis, al\u00e9m de \u00edntegros na administra\u00e7\u00e3o dos neg\u00f3cios, sempre pautados [&hellip;]<\/p>\n","protected":false},"author":6,"featured_media":0,"parent":0,"menu_order":0,"comment_status":"closed","ping_status":"closed","template":"Compliance.php","meta":{"_acf_changed":false,"inline_featured_image":false,"footnotes":""},"class_list":["post-1455","page","type-page","status-publish","hentry"],"acf":[],"yoast_head":"<!-- This site is optimized with the Yoast SEO plugin v27.3 - https:\/\/yoast.com\/product\/yoast-seo-wordpress\/ -->\n<title>Compliance - AGIS<\/title>\n<meta name=\"description\" content=\"Conhe\u00e7a as pol\u00edticas e diretrizes que garantem a conformidade legal, \u00e9tica e regulat\u00f3ria da empresa. Atuamos com base em um s\u00f3lido programa de compliance e possu\u00edmos certifica\u00e7\u00f5es que atestam nosso compromisso com a integridade e as melhores pr\u00e1ticas do mercado.\" \/>\n<meta name=\"robots\" content=\"index, follow, max-snippet:-1, max-image-preview:large, max-video-preview:-1\" \/>\n<link rel=\"canonical\" href=\"https:\/\/grupoagis.com.br\/en\/compliance\/\" \/>\n<meta property=\"og:locale\" content=\"en_US\" \/>\n<meta property=\"og:type\" content=\"article\" \/>\n<meta property=\"og:title\" content=\"Compliance - AGIS\" \/>\n<meta property=\"og:description\" content=\"Conhe\u00e7a as pol\u00edticas e diretrizes que garantem a conformidade legal, \u00e9tica e regulat\u00f3ria da empresa. Atuamos com base em um s\u00f3lido programa de compliance e possu\u00edmos certifica\u00e7\u00f5es que atestam nosso compromisso com a integridade e as melhores pr\u00e1ticas do mercado.\" \/>\n<meta property=\"og:url\" content=\"https:\/\/grupoagis.com.br\/en\/compliance\/\" \/>\n<meta property=\"og:site_name\" content=\"AGIS\" \/>\n<meta property=\"article:modified_time\" content=\"2025-06-16T19:24:28+00:00\" \/>\n<meta property=\"og:image\" content=\"http:\/\/grupoagis.com.br\/wp-content\/uploads\/2025\/06\/colaborador-video-institucional-colaboradores.jpg\" \/>\n<meta name=\"twitter:card\" content=\"summary_large_image\" \/>\n<meta name=\"twitter:label1\" content=\"Est. reading time\" \/>\n\t<meta name=\"twitter:data1\" content=\"4 minutes\" \/>\n<script type=\"application\/ld+json\" class=\"yoast-schema-graph\">{\"@context\":\"https:\\\/\\\/schema.org\",\"@graph\":[{\"@type\":\"WebPage\",\"@id\":\"https:\\\/\\\/grupoagis.com.br\\\/compliance\\\/\",\"url\":\"https:\\\/\\\/grupoagis.com.br\\\/compliance\\\/\",\"name\":\"Compliance - AGIS\",\"isPartOf\":{\"@id\":\"http:\\\/\\\/grupoagis.com.br\\\/#website\"},\"primaryImageOfPage\":{\"@id\":\"https:\\\/\\\/grupoagis.com.br\\\/compliance\\\/#primaryimage\"},\"image\":{\"@id\":\"https:\\\/\\\/grupoagis.com.br\\\/compliance\\\/#primaryimage\"},\"thumbnailUrl\":\"http:\\\/\\\/grupoagis.com.br\\\/wp-content\\\/uploads\\\/2025\\\/06\\\/colaborador-video-institucional-colaboradores.jpg\",\"datePublished\":\"2025-05-13T21:14:25+00:00\",\"dateModified\":\"2025-06-16T19:24:28+00:00\",\"description\":\"Conhe\u00e7a as pol\u00edticas e diretrizes que garantem a conformidade legal, \u00e9tica e regulat\u00f3ria da empresa. Atuamos com base em um s\u00f3lido programa de compliance e possu\u00edmos certifica\u00e7\u00f5es que atestam nosso compromisso com a integridade e as melhores pr\u00e1ticas do mercado.\",\"breadcrumb\":{\"@id\":\"https:\\\/\\\/grupoagis.com.br\\\/compliance\\\/#breadcrumb\"},\"inLanguage\":\"en-US\",\"potentialAction\":[{\"@type\":\"ReadAction\",\"target\":[\"https:\\\/\\\/grupoagis.com.br\\\/compliance\\\/\"]}]},{\"@type\":\"ImageObject\",\"inLanguage\":\"en-US\",\"@id\":\"https:\\\/\\\/grupoagis.com.br\\\/compliance\\\/#primaryimage\",\"url\":\"http:\\\/\\\/grupoagis.com.br\\\/wp-content\\\/uploads\\\/2025\\\/06\\\/colaborador-video-institucional-colaboradores.jpg\",\"contentUrl\":\"http:\\\/\\\/grupoagis.com.br\\\/wp-content\\\/uploads\\\/2025\\\/06\\\/colaborador-video-institucional-colaboradores.jpg\"},{\"@type\":\"BreadcrumbList\",\"@id\":\"https:\\\/\\\/grupoagis.com.br\\\/compliance\\\/#breadcrumb\",\"itemListElement\":[{\"@type\":\"ListItem\",\"position\":1,\"name\":\"Home\",\"item\":\"https:\\\/\\\/grupoagis.com.br\\\/\"},{\"@type\":\"ListItem\",\"position\":2,\"name\":\"Compliance\"}]},{\"@type\":\"WebSite\",\"@id\":\"http:\\\/\\\/grupoagis.com.br\\\/#website\",\"url\":\"http:\\\/\\\/grupoagis.com.br\\\/\",\"name\":\"AGIS\",\"description\":\"\",\"publisher\":{\"@id\":\"http:\\\/\\\/grupoagis.com.br\\\/#organization\"},\"potentialAction\":[{\"@type\":\"SearchAction\",\"target\":{\"@type\":\"EntryPoint\",\"urlTemplate\":\"http:\\\/\\\/grupoagis.com.br\\\/?s={search_term_string}\"},\"query-input\":{\"@type\":\"PropertyValueSpecification\",\"valueRequired\":true,\"valueName\":\"search_term_string\"}}],\"inLanguage\":\"en-US\"},{\"@type\":\"Organization\",\"@id\":\"http:\\\/\\\/grupoagis.com.br\\\/#organization\",\"name\":\"AGIS\",\"url\":\"http:\\\/\\\/grupoagis.com.br\\\/\",\"logo\":{\"@type\":\"ImageObject\",\"inLanguage\":\"en-US\",\"@id\":\"http:\\\/\\\/grupoagis.com.br\\\/#\\\/schema\\\/logo\\\/image\\\/\",\"url\":\"https:\\\/\\\/grupoagis.com.br\\\/wp-content\\\/uploads\\\/2022\\\/10\\\/cropped-logo-1.png\",\"contentUrl\":\"https:\\\/\\\/grupoagis.com.br\\\/wp-content\\\/uploads\\\/2022\\\/10\\\/cropped-logo-1.png\",\"width\":112,\"height\":36,\"caption\":\"AGIS\"},\"image\":{\"@id\":\"http:\\\/\\\/grupoagis.com.br\\\/#\\\/schema\\\/logo\\\/image\\\/\"}}]}<\/script>\n<!-- \/ Yoast SEO plugin. -->","yoast_head_json":{"title":"Compliance - AGIS","description":"Conhe\u00e7a as pol\u00edticas e diretrizes que garantem a conformidade legal, \u00e9tica e regulat\u00f3ria da empresa. Atuamos com base em um s\u00f3lido programa de compliance e possu\u00edmos certifica\u00e7\u00f5es que atestam nosso compromisso com a integridade e as melhores pr\u00e1ticas do mercado.","robots":{"index":"index","follow":"follow","max-snippet":"max-snippet:-1","max-image-preview":"max-image-preview:large","max-video-preview":"max-video-preview:-1"},"canonical":"https:\/\/grupoagis.com.br\/en\/compliance\/","og_locale":"en_US","og_type":"article","og_title":"Compliance - AGIS","og_description":"Conhe\u00e7a as pol\u00edticas e diretrizes que garantem a conformidade legal, \u00e9tica e regulat\u00f3ria da empresa. Atuamos com base em um s\u00f3lido programa de compliance e possu\u00edmos certifica\u00e7\u00f5es que atestam nosso compromisso com a integridade e as melhores pr\u00e1ticas do mercado.","og_url":"https:\/\/grupoagis.com.br\/en\/compliance\/","og_site_name":"AGIS","article_modified_time":"2025-06-16T19:24:28+00:00","og_image":[{"url":"http:\/\/grupoagis.com.br\/wp-content\/uploads\/2025\/06\/colaborador-video-institucional-colaboradores.jpg","type":"","width":"","height":""}],"twitter_card":"summary_large_image","twitter_misc":{"Est. reading time":"4 minutes"},"schema":{"@context":"https:\/\/schema.org","@graph":[{"@type":"WebPage","@id":"https:\/\/grupoagis.com.br\/compliance\/","url":"https:\/\/grupoagis.com.br\/compliance\/","name":"Compliance - AGIS","isPartOf":{"@id":"http:\/\/grupoagis.com.br\/#website"},"primaryImageOfPage":{"@id":"https:\/\/grupoagis.com.br\/compliance\/#primaryimage"},"image":{"@id":"https:\/\/grupoagis.com.br\/compliance\/#primaryimage"},"thumbnailUrl":"http:\/\/grupoagis.com.br\/wp-content\/uploads\/2025\/06\/colaborador-video-institucional-colaboradores.jpg","datePublished":"2025-05-13T21:14:25+00:00","dateModified":"2025-06-16T19:24:28+00:00","description":"Conhe\u00e7a as pol\u00edticas e diretrizes que garantem a conformidade legal, \u00e9tica e regulat\u00f3ria da empresa. Atuamos com base em um s\u00f3lido programa de compliance e possu\u00edmos certifica\u00e7\u00f5es que atestam nosso compromisso com a integridade e as melhores pr\u00e1ticas do mercado.","breadcrumb":{"@id":"https:\/\/grupoagis.com.br\/compliance\/#breadcrumb"},"inLanguage":"en-US","potentialAction":[{"@type":"ReadAction","target":["https:\/\/grupoagis.com.br\/compliance\/"]}]},{"@type":"ImageObject","inLanguage":"en-US","@id":"https:\/\/grupoagis.com.br\/compliance\/#primaryimage","url":"http:\/\/grupoagis.com.br\/wp-content\/uploads\/2025\/06\/colaborador-video-institucional-colaboradores.jpg","contentUrl":"http:\/\/grupoagis.com.br\/wp-content\/uploads\/2025\/06\/colaborador-video-institucional-colaboradores.jpg"},{"@type":"BreadcrumbList","@id":"https:\/\/grupoagis.com.br\/compliance\/#breadcrumb","itemListElement":[{"@type":"ListItem","position":1,"name":"Home","item":"https:\/\/grupoagis.com.br\/"},{"@type":"ListItem","position":2,"name":"Compliance"}]},{"@type":"WebSite","@id":"http:\/\/grupoagis.com.br\/#website","url":"http:\/\/grupoagis.com.br\/","name":"AGIS","description":"","publisher":{"@id":"http:\/\/grupoagis.com.br\/#organization"},"potentialAction":[{"@type":"SearchAction","target":{"@type":"EntryPoint","urlTemplate":"http:\/\/grupoagis.com.br\/?s={search_term_string}"},"query-input":{"@type":"PropertyValueSpecification","valueRequired":true,"valueName":"search_term_string"}}],"inLanguage":"en-US"},{"@type":"Organization","@id":"http:\/\/grupoagis.com.br\/#organization","name":"AGIS","url":"http:\/\/grupoagis.com.br\/","logo":{"@type":"ImageObject","inLanguage":"en-US","@id":"http:\/\/grupoagis.com.br\/#\/schema\/logo\/image\/","url":"https:\/\/grupoagis.com.br\/wp-content\/uploads\/2022\/10\/cropped-logo-1.png","contentUrl":"https:\/\/grupoagis.com.br\/wp-content\/uploads\/2022\/10\/cropped-logo-1.png","width":112,"height":36,"caption":"AGIS"},"image":{"@id":"http:\/\/grupoagis.com.br\/#\/schema\/logo\/image\/"}}]}},"_links":{"self":[{"href":"https:\/\/grupoagis.com.br\/en\/wp-json\/wp\/v2\/pages\/1455","targetHints":{"allow":["GET"]}}],"collection":[{"href":"https:\/\/grupoagis.com.br\/en\/wp-json\/wp\/v2\/pages"}],"about":[{"href":"https:\/\/grupoagis.com.br\/en\/wp-json\/wp\/v2\/types\/page"}],"author":[{"embeddable":true,"href":"https:\/\/grupoagis.com.br\/en\/wp-json\/wp\/v2\/users\/6"}],"replies":[{"embeddable":true,"href":"https:\/\/grupoagis.com.br\/en\/wp-json\/wp\/v2\/comments?post=1455"}],"version-history":[{"count":14,"href":"https:\/\/grupoagis.com.br\/en\/wp-json\/wp\/v2\/pages\/1455\/revisions"}],"predecessor-version":[{"id":2573,"href":"https:\/\/grupoagis.com.br\/en\/wp-json\/wp\/v2\/pages\/1455\/revisions\/2573"}],"wp:attachment":[{"href":"https:\/\/grupoagis.com.br\/en\/wp-json\/wp\/v2\/media?parent=1455"}],"curies":[{"name":"wp","href":"https:\/\/api.w.org\/{rel}","templated":true}]}}